{"id":2,"date":"2009-08-14T15:06:08","date_gmt":"2009-08-14T13:06:08","guid":{"rendered":"http:\/\/www.forsthouse.de\/?page_id=2"},"modified":"2021-03-29T17:35:07","modified_gmt":"2021-03-29T15:35:07","slug":"eine-seite","status":"publish","type":"page","link":"http:\/\/www.forsthouse.de\/?page_id=2","title":{"rendered":"Impressum"},"content":{"rendered":"<div>Es handelt sich hierbei um eine private Website<\/div>\n<div>\n<div id=\"outerContainer\" class=\"sidebarOpen\">\n<div id=\"sidebarContainer\">\n<div id=\"toolbarSidebar\">\n<div class=\"splitToolbarButton toggled\"><\/div>\n<\/div>\n<\/div>\n<\/div>\n<div class='headline-border-top'><\/div> <h2 class=\"splitToolbarButtonSeparator\">Impressum<\/h2>\n<div><\/div>\n<div class=\"splitToolbarButtonSeparator\">Angaben gem\u00e4\u00df \u00a7 5 TMG<\/div>\n<div><\/div>\n<div class=\"splitToolbarButtonSeparator\">Sven Jansen<\/div>\n<div class=\"splitToolbarButtonSeparator\">Bahnstr. 153<\/div>\n<div class=\"splitToolbarButtonSeparator\">50858 K\u00f6ln<\/div>\n<div><\/div>\n<div class=\"splitToolbarButtonSeparator\"><strong>Kontakt<\/strong><\/div>\n<div class=\"splitToolbarButtonSeparator\">E-Mail: info@forsthouse.de<\/div>\n<div><\/div>\n<div class=\"splitToolbarButtonSeparator\"><strong>Redaktionell Verantwortlicher<\/strong><\/div>\n<div class=\"splitToolbarButtonSeparator\">Sven Jansen<\/div>\n<div><\/div>\n<div class=\"splitToolbarButtonSeparator\"><strong>Haftung f\u00fcr Inhalte<\/strong><\/div>\n<div><\/div>\n<div class=\"splitToolbarButtonSeparator\">Als Diensteanbieter sind wir gem\u00e4\u00df \u00a7 7 Abs.1 TMG f\u00fcr eigene Inhalte auf diesen Seiten nach den allgemeinen Gesetzen verantwortlich.<\/div>\n<div><\/div>\n<div class=\"splitToolbarButtonSeparator\">Nach \u00a7\u00a7 8 bis 10 TMG sind wir als Diensteanbieter jedoch nichtverpflichtet, \u00fcbermittelte oder gespeicherte fremde Informationen zu \u00fcberwachen oder nach Umst\u00e4nden zuforschen, die auf eine rechtswidrige T\u00e4tigkeit hinweisen. Verpflichtungen zur Entfernung oder Sperrung der Nutzung von Informationen nach den allgemeinen Gesetzen bleiben hiervon unber\u00fchrt. Eine diesbez\u00fcgliche Haftung ist jedoch erst ab dem Zeitpunkt der Kenntnis einer konkreten Rechtsverletzung m\u00f6glich. Bei Bekanntwerden von entsprechenden Rechtsverletzungen werden wir diese Inhalte umgehend entfernen.<\/div>\n<div><\/div>\n<div class=\"splitToolbarButtonSeparator\"><strong>Haftung f\u00fcr Links<\/strong><\/div>\n<div><\/div>\n<div class=\"splitToolbarButtonSeparator\">Unser Angebot enth\u00e4lt Links zu externen Websites Dritter, auf deren Inhalte wir keinen Einfluss haben.Deshalb k\u00f6nnen wir f\u00fcr diese fremden Inhalte auch keine Gew\u00e4hr \u00fcbernehmen. F\u00fcr die Inhalte derverlinkten Seiten ist stets der jeweilige Anbieter oder Betreiber der Seiten verantwortlich. Die verlinktenSeiten wurden zum Zeitpunkt der Verlinkung auf m\u00f6gliche Rechtsverst\u00f6\u00dfe \u00fcberpr\u00fcft. Rechtswidrige Inhaltewaren zum Zeitpunkt der Verlinkung nicht erkennbar. Eine permanente inhaltliche Kontrolle der verlinkten Seiten ist jedoch ohne konkrete Anhaltspunkte einer Rechtsverletzung nicht zumutbar.<\/div>\n<div><\/div>\n<div class=\"splitToolbarButtonSeparator\">Bei Bekanntwerden von Rechtsverletzungen werden wir derartige Links umgehend entfernen.<\/div>\n<div><\/div>\n<div class=\"splitToolbarButtonSeparator\"><strong>Urheberrecht<\/strong><\/div>\n<div><\/div>\n<div class=\"splitToolbarButtonSeparator\">Die durch die Seitenbetreiber erstellten Inhalte und Werke auf diesen Seiten unterliegen dem deutschen Urheberrecht. Die Vervielf\u00e4ltigung, Bearbeitung, Verbreitung und jede Art der Verwertung au\u00dferhalb derGrenzen des Urheberrechtes bed\u00fcrfen der schriftlichen Zustimmung des jeweiligen Autors bzw. Erstellers.<\/div>\n<div><\/div>\n<div class=\"splitToolbarButtonSeparator\">Downloads und Kopien dieser Seite sind nur f\u00fcr den privaten, nicht kommerziellen Gebrauch gestattet. Soweit die Inhalte auf dieser Seite nicht vom Betreiber erstellt wurden, werden die Urheberrechte Dritter beachtet. Insbesondere werden Inhalte Dritter als solche gekennzeichnet. Sollten Sie trotzdem auf eine Urheberrechtsverletzung aufmerksam werden, bitten wir um einen entsprechenden Hinweis.<\/div>\n<div><\/div>\n<div class=\"splitToolbarButtonSeparator\">Bei Bekanntwerden von Rechtsverletzungen werden wir derartige Inhalte umgehend entfernen.<\/p>\n<p>Quelle: <a href=\"https:\/\/www.e-recht24.de\/\">eRecht24<\/a><\/p>\n<div class=\"annotationLayer\"><\/div>\n<\/div>\n<p><input id=\"pageNumber\" class=\"toolbarField pageNumber\" tabindex=\"15\" title=\"Seite\" autocomplete=\"off\" max=\"4\" min=\"1\" size=\"4\" type=\"number\" value=\"1\" data-l10n-id=\"page\" \/><\/p>\n<div id=\"outerContainer\" class=\"sidebarOpen\">\n<div id=\"mainContainer\">\n<div id=\"viewerContainer\" tabindex=\"0\">\n<div id=\"viewer\" class=\"pdfViewer\">\n<div class=\"page\" data-page-number=\"4\" data-loaded=\"true\">\n<div class=\"annotationLayer\"><\/div>\n<\/div>\n<\/div>\n<\/div>\n<\/div>\n<\/div>\n<\/div>\n","protected":false},"excerpt":{"rendered":"<p>Es handelt sich hierbei um eine private Website Impressum Angaben gem\u00e4\u00df \u00a7 5 TMG Sven Jansen Bahnstr. 153 50858 K\u00f6ln Kontakt E-Mail: info@forsthouse.de Redaktionell&#8230;<\/p>\n","protected":false},"author":1,"featured_media":0,"parent":0,"menu_order":0,"comment_status":"closed","ping_status":"open","template":"","meta":{"_monsterinsights_skip_tracking":false,"_monsterinsights_sitenote_active":false,"_monsterinsights_sitenote_note":"","_monsterinsights_sitenote_category":0},"yoast_head":"<!-- This site is optimized with the Yoast SEO plugin v16.0.2 - https:\/\/yoast.com\/wordpress\/plugins\/seo\/ -->\n<title>Impressum - any aminay<\/title>\n<link rel=\"canonical\" href=\"http:\/\/www.forsthouse.de\/?page_id=2\" \/>\n<meta property=\"og:locale\" content=\"de_DE\" \/>\n<meta property=\"og:type\" content=\"article\" \/>\n<meta property=\"og:title\" content=\"Impressum - any aminay\" \/>\n<meta property=\"og:description\" content=\"Es handelt sich hierbei um eine private Website Impressum Angaben gem\u00e4\u00df \u00a7 5 TMG Sven Jansen Bahnstr. 153 50858 K\u00f6ln Kontakt E-Mail: info@forsthouse.de Redaktionell...\" \/>\n<meta property=\"og:url\" content=\"http:\/\/www.forsthouse.de\/?page_id=2\" \/>\n<meta property=\"og:site_name\" content=\"any aminay\" \/>\n<meta property=\"article:modified_time\" content=\"2021-03-29T15:35:07+00:00\" \/>\n<meta name=\"twitter:card\" content=\"summary_large_image\" \/>\n<meta name=\"twitter:label1\" content=\"Gesch\u00e4tzte Lesezeit\">\n\t<meta name=\"twitter:data1\" content=\"2\u00a0Minuten\">\n<script type=\"application\/ld+json\" class=\"yoast-schema-graph\">{\"@context\":\"https:\/\/schema.org\",\"@graph\":[{\"@type\":\"WebSite\",\"@id\":\"http:\/\/www.forsthouse.de\/#website\",\"url\":\"http:\/\/www.forsthouse.de\/\",\"name\":\"any aminay\",\"description\":\"Home &amp; more\",\"potentialAction\":[{\"@type\":\"SearchAction\",\"target\":\"http:\/\/www.forsthouse.de\/?s={search_term_string}\",\"query-input\":\"required name=search_term_string\"}],\"inLanguage\":\"de\"},{\"@type\":\"WebPage\",\"@id\":\"http:\/\/www.forsthouse.de\/?page_id=2#webpage\",\"url\":\"http:\/\/www.forsthouse.de\/?page_id=2\",\"name\":\"Impressum - any aminay\",\"isPartOf\":{\"@id\":\"http:\/\/www.forsthouse.de\/#website\"},\"datePublished\":\"2009-08-14T13:06:08+00:00\",\"dateModified\":\"2021-03-29T15:35:07+00:00\",\"breadcrumb\":{\"@id\":\"http:\/\/www.forsthouse.de\/?page_id=2#breadcrumb\"},\"inLanguage\":\"de\",\"potentialAction\":[{\"@type\":\"ReadAction\",\"target\":[\"http:\/\/www.forsthouse.de\/?page_id=2\"]}]},{\"@type\":\"BreadcrumbList\",\"@id\":\"http:\/\/www.forsthouse.de\/?page_id=2#breadcrumb\",\"itemListElement\":[{\"@type\":\"ListItem\",\"position\":1,\"item\":{\"@type\":\"WebPage\",\"@id\":\"http:\/\/www.forsthouse.de\/\",\"url\":\"http:\/\/www.forsthouse.de\/\",\"name\":\"Startseite\"}},{\"@type\":\"ListItem\",\"position\":2,\"item\":{\"@type\":\"WebPage\",\"@id\":\"http:\/\/www.forsthouse.de\/?page_id=2\",\"url\":\"http:\/\/www.forsthouse.de\/?page_id=2\",\"name\":\"Impressum\"}}]}]}<\/script>\n<!-- \/ Yoast SEO plugin. -->","_links":{"self":[{"href":"http:\/\/www.forsthouse.de\/index.php?rest_route=\/wp\/v2\/pages\/2"}],"collection":[{"href":"http:\/\/www.forsthouse.de\/index.php?rest_route=\/wp\/v2\/pages"}],"about":[{"href":"http:\/\/www.forsthouse.de\/index.php?rest_route=\/wp\/v2\/types\/page"}],"author":[{"embeddable":true,"href":"http:\/\/www.forsthouse.de\/index.php?rest_route=\/wp\/v2\/users\/1"}],"replies":[{"embeddable":true,"href":"http:\/\/www.forsthouse.de\/index.php?rest_route=%2Fwp%2Fv2%2Fcomments&post=2"}],"version-history":[{"count":8,"href":"http:\/\/www.forsthouse.de\/index.php?rest_route=\/wp\/v2\/pages\/2\/revisions"}],"predecessor-version":[{"id":37,"href":"http:\/\/www.forsthouse.de\/index.php?rest_route=\/wp\/v2\/pages\/2\/revisions\/37"}],"wp:attachment":[{"href":"http:\/\/www.forsthouse.de\/index.php?rest_route=%2Fwp%2Fv2%2Fmedia&parent=2"}],"curies":[{"name":"wp","href":"https:\/\/api.w.org\/{rel}","templated":true}]}}